{"id":85,"date":"2025-06-16T19:13:57","date_gmt":"2025-06-16T17:13:57","guid":{"rendered":"http:\/\/investic.org\/?page_id=85"},"modified":"2025-06-28T20:08:43","modified_gmt":"2025-06-28T18:08:43","slug":"investigaciones","status":"publish","type":"page","link":"https:\/\/investic.org\/?page_id=85","title":{"rendered":"INVESTIGACIONES"},"content":{"rendered":"\n<p class=\"has-text-align-center\"><strong>Puentes Tecnol\u00f3gicos en la Justicia: Mi Viaje de Doctorado hacia la Creaci\u00f3n de Metodolog\u00edas Regladas para Peritos Inform\u00e1ticos<\/strong><\/p>\n\n\n\n<figure class=\"wp-block-image size-large\"><img loading=\"lazy\" decoding=\"async\" width=\"1024\" height=\"724\" src=\"http:\/\/investic.org\/wp-content\/uploads\/2025\/06\/Certificado-Bartomeu-Segura-i-Duran.-I-Jornadas-Posgrado-1024x724.jpg\" alt=\"\" class=\"wp-image-108\" srcset=\"https:\/\/investic.org\/wp-content\/uploads\/2025\/06\/Certificado-Bartomeu-Segura-i-Duran.-I-Jornadas-Posgrado-1024x724.jpg 1024w, https:\/\/investic.org\/wp-content\/uploads\/2025\/06\/Certificado-Bartomeu-Segura-i-Duran.-I-Jornadas-Posgrado-300x212.jpg 300w, https:\/\/investic.org\/wp-content\/uploads\/2025\/06\/Certificado-Bartomeu-Segura-i-Duran.-I-Jornadas-Posgrado-768x543.jpg 768w, https:\/\/investic.org\/wp-content\/uploads\/2025\/06\/Certificado-Bartomeu-Segura-i-Duran.-I-Jornadas-Posgrado-1536x1086.jpg 1536w, https:\/\/investic.org\/wp-content\/uploads\/2025\/06\/Certificado-Bartomeu-Segura-i-Duran.-I-Jornadas-Posgrado.jpg 1673w\" sizes=\"auto, (max-width: 1024px) 100vw, 1024px\" \/><\/figure>\n\n\n\n<p>El creciente aumento de la ciberdelincuencia y la globalizaci\u00f3n de los delitos inform\u00e1ticos han llevado a una deficiencia, e incluso a la inexistencia, de normativas regladas y solventes a nivel mundial.<\/p>\n\n\n\n<p>Esta situaci\u00f3n, junto con la proliferaci\u00f3n de para\u00edsos delictivos inform\u00e1ticos y el romanticismo justiciero de los hackers oscuros, que se ha reconvertido en ciberdelincuentes sin escr\u00fapulos, muestra una preocupante realidad.<\/p>\n\n\n\n<p>A esto se suma la pasividad de las grandes corporaciones en no desarrollar investigaciones tecnolog\u00edas preventivas, predictivas y proactivas orientadas a defender a la sociedad de esta lacra. Gobiernos que no desarrollan legislaciones enfocadas a combatir esta situaci\u00f3n de una forma eficiente y pragm\u00e1tica.<\/p>\n\n\n\n<p>Como resultado, un grupo minoritario de m\u00edsticos inform\u00e1ticos dedica sus esfuerzos a la creaci\u00f3n de procedimientos reglados y metodolog\u00edas. Su objetivo es ayudar a la judicatura a dictaminar de manera fundada y solvente en los procedimientos judiciales, me refiero a la figura del perito inform\u00e1tico judicial.<\/p>\n\n\n\n<p>Para los pocos profesionales dedicados a la investigaci\u00f3n de procedimientos inform\u00e1ticos reglados, cuyo objetivo es contribuir y asistir a la judicatura en la investigaci\u00f3n, juicio y condena de ciberdelincuentes, resulta desmotivador enfrentarse a la inexistencia de una legislaci\u00f3n espec\u00edfica que regule la justicia ante los delitos inform\u00e1ticos. Estos profesionales tienen que centrar sus esfuerzos en el desarrollo de procedimientos dentro de un desierto normativo tecnol\u00f3gico que est\u00e1 en constante evoluci\u00f3n.<\/p>\n\n\n\n<p>Las escasas asociaciones y colegios profesionales que desarrollan tareas de investigaci\u00f3n tecnol\u00f3gica se ven afectados en sus actuaciones por los altos costes de los desarrollos tecnol\u00f3gicos, que son el \u00fanico camino para ofrecer a la judicatura unos dict\u00e1menes de calidad, que ofrezcan solvencia y justicia.<\/p>\n\n\n\n<p>A t\u00edtulo profesional, he padecido el desaliento de no poder realizar actuaciones periciales oficiales por falta de recursos econ\u00f3micos por parte de la administraci\u00f3n, con el objetivo de dictaminar con un alto nivel de certeza y solvencia mis dict\u00e1menes.<\/p>\n\n\n\n<p>En consecuencia, y tras meditarlo, inicio con ilusi\u00f3n el Doctorado en Sistemas Computacionales, orientado a la creaci\u00f3n de procedimientos inform\u00e1ticos, persiguiendo el objetivo de la normalizaci\u00f3n reglada de las actuaciones periciales inform\u00e1ticas en las v\u00edas judiciales.<\/p>\n\n\n\n<p><strong>Licenciado en Ingenier\u00eda de Sistemas Computacionales, M\u00e1ster Universitario en Seguridad Inform\u00e1tica y Hacking \u00c9tico, y Perito Inform\u00e1tico n\u00ba 603 de la Asociaci\u00f3n Nacional de Tasadores y Peritos Inform\u00e1ticos Judiciales (ANTPJI.org)<\/strong><\/p>\n\n\n\n<p class=\"has-text-align-right\"><a href=\"mailto:tomeu.segura@ciber-seguridad.org\">tomeu.segura@ciber-seguridad.org<\/a><br><a href=\"https:\/\/www.ciber-seguridad.org\" target=\"_blank\" rel=\"noreferrer noopener\">www.ciber-seguridad.org<\/a><\/p>\n","protected":false},"excerpt":{"rendered":"<p>Puentes Tecnol\u00f3gicos en la Justicia: Mi Viaje de Doctorado hacia la Creaci\u00f3n de Metodolog\u00edas Regladas para Peritos Inform\u00e1ticos El creciente aumento de la ciberdelincuencia y la globalizaci\u00f3n de los delitos inform\u00e1ticos han llevado a una deficiencia, e incluso a la inexistencia, de normativas regladas y solventes a nivel mundial. Esta situaci\u00f3n, junto con la proliferaci\u00f3n &#8230; <a title=\"INVESTIGACIONES\" class=\"read-more\" href=\"https:\/\/investic.org\/?page_id=85\" aria-label=\"Leer m\u00e1s sobre INVESTIGACIONES\">Leer m\u00e1s<\/a><\/p>\n","protected":false},"author":1,"featured_media":0,"parent":0,"menu_order":3,"comment_status":"closed","ping_status":"closed","template":"","meta":{"footnotes":""},"class_list":["post-85","page","type-page","status-publish"],"_links":{"self":[{"href":"https:\/\/investic.org\/index.php?rest_route=\/wp\/v2\/pages\/85","targetHints":{"allow":["GET"]}}],"collection":[{"href":"https:\/\/investic.org\/index.php?rest_route=\/wp\/v2\/pages"}],"about":[{"href":"https:\/\/investic.org\/index.php?rest_route=\/wp\/v2\/types\/page"}],"author":[{"embeddable":true,"href":"https:\/\/investic.org\/index.php?rest_route=\/wp\/v2\/users\/1"}],"replies":[{"embeddable":true,"href":"https:\/\/investic.org\/index.php?rest_route=%2Fwp%2Fv2%2Fcomments&post=85"}],"version-history":[{"count":2,"href":"https:\/\/investic.org\/index.php?rest_route=\/wp\/v2\/pages\/85\/revisions"}],"predecessor-version":[{"id":109,"href":"https:\/\/investic.org\/index.php?rest_route=\/wp\/v2\/pages\/85\/revisions\/109"}],"wp:attachment":[{"href":"https:\/\/investic.org\/index.php?rest_route=%2Fwp%2Fv2%2Fmedia&parent=85"}],"curies":[{"name":"wp","href":"https:\/\/api.w.org\/{rel}","templated":true}]}}